{"id":211,"date":"2024-04-30T13:11:44","date_gmt":"2024-04-30T12:11:44","guid":{"rendered":"https:\/\/ifmad.org\/2025\/scientific-secretariat\/"},"modified":"2024-09-16T15:24:47","modified_gmt":"2024-09-16T14:24:47","slug":"scientific-secretariat","status":"publish","type":"page","link":"https:\/\/ifmad.org\/2025\/?page_id=211","title":{"rendered":"Scientific Secretariat"},"content":{"rendered":"\t\t<div data-elementor-type=\"wp-page\" data-elementor-id=\"211\" class=\"elementor elementor-211\" data-elementor-post-type=\"page\">\n\t\t\t\t\t\t<section class=\"elementor-section elementor-top-section elementor-element elementor-element-2660c21 elementor-section-content-middle elementor-section-boxed elementor-section-height-default elementor-section-height-default\" data-id=\"2660c21\" data-element_type=\"section\" data-settings=\"{&quot;background_background&quot;:&quot;gradient&quot;}\">\n\t\t\t\t\t\t\t<div class=\"elementor-background-overlay\"><\/div>\n\t\t\t\t\t\t\t<div class=\"elementor-container elementor-column-gap-no\">\n\t\t\t\t\t<div class=\"elementor-column elementor-col-50 elementor-top-column elementor-element elementor-element-3c80d609\" data-id=\"3c80d609\" data-element_type=\"column\">\n\t\t\t<div class=\"elementor-widget-wrap elementor-element-populated\">\n\t\t\t\t\t\t<div class=\"elementor-element elementor-element-20d6b1d0 elementor-widget elementor-widget-heading\" data-id=\"20d6b1d0\" data-element_type=\"widget\" data-widget_type=\"heading.default\">\n\t\t\t\t<div class=\"elementor-widget-container\">\n\t\t\t<style>\/*! elementor - v3.23.0 - 15-07-2024 *\/\n.elementor-heading-title{padding:0;margin:0;line-height:1}.elementor-widget-heading .elementor-heading-title[class*=elementor-size-]>a{color:inherit;font-size:inherit;line-height:inherit}.elementor-widget-heading .elementor-heading-title.elementor-size-small{font-size:15px}.elementor-widget-heading .elementor-heading-title.elementor-size-medium{font-size:19px}.elementor-widget-heading .elementor-heading-title.elementor-size-large{font-size:29px}.elementor-widget-heading .elementor-heading-title.elementor-size-xl{font-size:39px}.elementor-widget-heading .elementor-heading-title.elementor-size-xxl{font-size:59px}<\/style><h1 class=\"elementor-heading-title elementor-size-default\">AFISM<\/h1>\t\t<\/div>\n\t\t\t\t<\/div>\n\t\t\t\t<div class=\"elementor-element elementor-element-78a9dec9 elementor-widget elementor-widget-heading\" data-id=\"78a9dec9\" data-element_type=\"widget\" data-widget_type=\"heading.default\">\n\t\t\t\t<div class=\"elementor-widget-container\">\n\t\t\t<h5 class=\"elementor-heading-title elementor-size-default\">AFISM<\/h5>\t\t<\/div>\n\t\t\t\t<\/div>\n\t\t\t\t<div class=\"elementor-element elementor-element-2cce86af elementor-headline--style-highlight elementor-widget elementor-widget-animated-headline\" data-id=\"2cce86af\" data-element_type=\"widget\" data-settings=\"{&quot;marker&quot;:&quot;underline&quot;,&quot;highlighted_text&quot;:&quot;Secretariat&quot;,&quot;headline_style&quot;:&quot;highlight&quot;,&quot;loop&quot;:&quot;yes&quot;,&quot;highlight_animation_duration&quot;:1200,&quot;highlight_iteration_delay&quot;:8000}\" data-widget_type=\"animated-headline.default\">\n\t\t\t\t<div class=\"elementor-widget-container\">\n\t\t\t<link rel=\"stylesheet\" href=\"https:\/\/ifmad.org\/2025\/wp-content\/plugins\/elementor-pro\/assets\/css\/widget-animated-headline.min.css?ver=1722004375\">\t\t<h2 class=\"elementor-headline\">\n\t\t\t\t\t<span class=\"elementor-headline-plain-text elementor-headline-text-wrapper\">Scientific<\/span>\n\t\t\t\t<span class=\"elementor-headline-dynamic-wrapper elementor-headline-text-wrapper\">\n\t\t\t\t\t<span class=\"elementor-headline-dynamic-text elementor-headline-text-active\">Secretariat<\/span>\n\t\t\t\t<\/span>\n\t\t\t\t<\/h2>\n\t\t\t\t<\/div>\n\t\t\t\t<\/div>\n\t\t\t\t<div class=\"elementor-element elementor-element-5a862528 elementor-widget elementor-widget-text-editor\" data-id=\"5a862528\" data-element_type=\"widget\" data-widget_type=\"text-editor.default\">\n\t\t\t\t<div class=\"elementor-widget-container\">\n\t\t\t<style>\/*! elementor - v3.23.0 - 15-07-2024 *\/\n.elementor-widget-text-editor.elementor-drop-cap-view-stacked .elementor-drop-cap{background-color:#69727d;color:#fff}.elementor-widget-text-editor.elementor-drop-cap-view-framed .elementor-drop-cap{color:#69727d;border:3px solid;background-color:transparent}.elementor-widget-text-editor:not(.elementor-drop-cap-view-default) .elementor-drop-cap{margin-top:8px}.elementor-widget-text-editor:not(.elementor-drop-cap-view-default) .elementor-drop-cap-letter{width:1em;height:1em}.elementor-widget-text-editor .elementor-drop-cap{float:left;text-align:center;line-height:1;font-size:50px}.elementor-widget-text-editor .elementor-drop-cap-letter{display:inline-block}<\/style>\t\t\t\t<p>The <strong>Association Internationale pour la promotion de Formations Sp\u00e9cialis\u00e9es en M\u00e9decine et en Science Biologique<\/strong> (AFISM) is an international association devoted to promote and enhance the continuing professional development and post-degree education in medical, scientific and technical professions.<\/p><p>AFISM organises high level education events, practical workshops, debates, consensus conferences and international congresses to help specialists to keep themselves up to date with all the new and quick advancements in the different disciplines.<\/p><p>Encouraging networking among professionals, AFISM is also focused on strongly supporting the sharing of evidence-based knowledge and discourages the diffusion of practices which are not supported by evidence in order to limit the circulation of harmful fake news still maintaining an open dialogue with all the different actors.<\/p>\t\t\t\t\t\t<\/div>\n\t\t\t\t<\/div>\n\t\t\t\t\t<\/div>\n\t\t<\/div>\n\t\t\t\t<div class=\"elementor-column elementor-col-50 elementor-top-column elementor-element elementor-element-197758a7\" data-id=\"197758a7\" data-element_type=\"column\" data-settings=\"{&quot;background_background&quot;:&quot;classic&quot;}\">\n\t\t\t<div class=\"elementor-widget-wrap elementor-element-populated\">\n\t\t\t\t\t\t<div class=\"elementor-element elementor-element-46fa16d5 elementor-widget elementor-widget-image\" data-id=\"46fa16d5\" data-element_type=\"widget\" data-widget_type=\"image.default\">\n\t\t\t\t<div class=\"elementor-widget-container\">\n\t\t\t<style>\/*! elementor - v3.23.0 - 15-07-2024 *\/\n.elementor-widget-image{text-align:center}.elementor-widget-image a{display:inline-block}.elementor-widget-image a img[src$=\".svg\"]{width:48px}.elementor-widget-image img{vertical-align:middle;display:inline-block}<\/style>\t\t\t\t\t\t\t\t\t\t<img fetchpriority=\"high\" decoding=\"async\" width=\"457\" height=\"344\" src=\"https:\/\/ifmad.org\/2025\/wp-content\/uploads\/2024\/04\/LOGO_2-Afism.png\" class=\"attachment-large size-large wp-image-39\" alt=\"\" srcset=\"https:\/\/ifmad.org\/2025\/wp-content\/uploads\/2024\/04\/LOGO_2-Afism.png 457w, https:\/\/ifmad.org\/2025\/wp-content\/uploads\/2024\/04\/LOGO_2-Afism-300x226.png 300w\" sizes=\"(max-width: 457px) 100vw, 457px\" \/>\t\t\t\t\t\t\t\t\t\t\t\t\t<\/div>\n\t\t\t\t<\/div>\n\t\t\t\t\t<\/div>\n\t\t<\/div>\n\t\t\t\t\t<\/div>\n\t\t<\/section>\n\t\t\t\t<\/div>\n\t\t <script type=\"text\/javascript\"> if (typeof(f_tFlgVISA) === typeof(Function))  \tf_tFlgVISA(null);  if (typeof(f_tFlgAllergia) === typeof(Function))  \tf_tFlgAllergia(null);  if (typeof(f_IDTipologia) === typeof(Function)) {  \tvar eObjTYPE = document.getElementById(\"id_IDTipologia\");  \tf_IDTipologia(eObjTYPE);  }  if (typeof(f_IDAttivita) === typeof(Function)) {  \tvar etFlgActivity = document.getElementById(\"id_IDAttivita\");  \tf_IDAttivita(etFlgActivity);  }  if (typeof(f_IDNazionalita) === typeof(Function)) {  \tvar etFlgNazionalita = document.getElementById(\"id_IDNazionalita\");  \tf_IDNazionalita(etFlgNazionalita);  }  if (typeof(f_IndFattIDNazione) === typeof(Function))  \tf_IndFattIDNazione(null);  if (typeof(f_IDDomanda15141) === typeof(Function)) {  \tvar etFlgDomanda15141 = document.getElementById(\"id_IDDomanda15141\");  \tif (etFlgDomanda15141 != null) {  \t\tf_IDDomanda15141(etFlgDomanda15141);  \t}  }  if (typeof(f_IDDomanda15155) === typeof(Function)) {  \tvar etFlgDomanda15155 = document.getElementById(\"id_IDDomanda15155\");  \tif (etFlgDomanda15155 != null) {  \t\tf_IDDomanda15155(etFlgDomanda15155);  \t}  }  if (typeof(f_IDDomanda15147) === typeof(Function)) {  \tvar etFlgDomanda15147 = document.getElementById(\"id_IDDomanda15147\");  \tif (etFlgDomanda15147 != null) {  \t\tf_IDDomanda15147(etFlgDomanda15147);  \t}  }  if (typeof(f_IDDomanda15221) === typeof(Function)) {  \tvar etFlgDomanda15221 = document.getElementById(\"id_IDDomanda15221\");  \tif (etFlgDomanda15221 != null) {  \t\tf_IDDomanda15221(etFlgDomanda15221);  \t}  }  if (typeof(f_IDDomanda15862) === typeof(Function)) {  \tvar etFlgDomanda15862 = document.getElementById(\"id_IDDomanda15862\");  \tif (etFlgDomanda15862 != null) {  \t\tf_IDDomanda15862(etFlgDomanda15862);  \t}  }  if (typeof(f_IDDomanda15220) === typeof(Function)) {  \tvar etFlgDomanda15220 = document.getElementById(\"id_IDDomanda15220\");  \tif (etFlgDomanda15220 != null) {  \t\tf_IDDomanda15220(etFlgDomanda15220);  \t}  }  if (typeof(f_IDDomanda16092) === typeof(Function)) {  \tvar etFlgDomanda16092 = document.getElementById(\"id_IDDomanda16092\");  \tif (etFlgDomanda16092 != null) {  \t\tf_IDDomanda16092(etFlgDomanda16092);  \t}  }  if (typeof(f_IDDomanda16094) === typeof(Function)) {  \tvar etFlgDomanda16094 = document.getElementById(\"id_IDDomanda16094\");  \tif (etFlgDomanda16094 != null) {  \t\tf_IDDomanda16094(etFlgDomanda16094);  \t}  }  <\/script>","protected":false},"excerpt":{"rendered":"<p>AFISM AFISM &nbsp; Scientific Secretariat The Association Internationale pour la promotion de Formations Sp\u00e9cialis\u00e9es en M\u00e9decine et en Science Biologique (AFISM) is an international association devoted to promote and enhance the continuing professional development and post-degree education in medical, scientific and technical professions. AFISM organises high level education events, practical workshops, debates, consensus conferences and&#8230;<\/p>\n","protected":false},"author":1,"featured_media":0,"parent":0,"menu_order":0,"comment_status":"closed","ping_status":"closed","template":"elementor_header_footer","meta":{"iawp_total_views":63,"footnotes":""},"class_list":["post-211","page","type-page","status-publish","hentry"],"_links":{"self":[{"href":"https:\/\/ifmad.org\/2025\/index.php?rest_route=\/wp\/v2\/pages\/211","targetHints":{"allow":["GET"]}}],"collection":[{"href":"https:\/\/ifmad.org\/2025\/index.php?rest_route=\/wp\/v2\/pages"}],"about":[{"href":"https:\/\/ifmad.org\/2025\/index.php?rest_route=\/wp\/v2\/types\/page"}],"author":[{"embeddable":true,"href":"https:\/\/ifmad.org\/2025\/index.php?rest_route=\/wp\/v2\/users\/1"}],"replies":[{"embeddable":true,"href":"https:\/\/ifmad.org\/2025\/index.php?rest_route=%2Fwp%2Fv2%2Fcomments&post=211"}],"version-history":[{"count":8,"href":"https:\/\/ifmad.org\/2025\/index.php?rest_route=\/wp\/v2\/pages\/211\/revisions"}],"predecessor-version":[{"id":662,"href":"https:\/\/ifmad.org\/2025\/index.php?rest_route=\/wp\/v2\/pages\/211\/revisions\/662"}],"wp:attachment":[{"href":"https:\/\/ifmad.org\/2025\/index.php?rest_route=%2Fwp%2Fv2%2Fmedia&parent=211"}],"curies":[{"name":"wp","href":"https:\/\/api.w.org\/{rel}","templated":true}]}}